{"id":175,"date":"2017-01-17T13:30:42","date_gmt":"2017-01-17T12:30:42","guid":{"rendered":"http:\/\/wp1.themexlab.com\/newwp\/industrypress\/?page_id=175"},"modified":"2023-10-20T15:05:01","modified_gmt":"2023-10-20T13:05:01","slug":"kontakt","status":"publish","type":"page","link":"https:\/\/rotomoulding-partner.pl\/en\/kontakt\/","title":{"rendered":"Contact"},"content":{"rendered":"\t\t<div data-elementor-type=\"wp-page\" data-elementor-id=\"175\" class=\"elementor elementor-175\">\n\t\t\t\t\t\t<section class=\"elementor-section elementor-top-section elementor-element elementor-element-67320737 elementor-section-boxed elementor-section-height-default elementor-section-height-default\" data-id=\"67320737\" data-element_type=\"section\" data-e-type=\"section\">\n\t\t\t\t\t\t<div class=\"elementor-container elementor-column-gap-default\">\n\t\t\t\t\t<div class=\"elementor-column elementor-col-50 elementor-top-column elementor-element elementor-element-68a21493\" data-id=\"68a21493\" data-element_type=\"column\" data-e-type=\"column\">\n\t\t\t<div class=\"elementor-widget-wrap elementor-element-populated\">\n\t\t\t\t\t\t<div class=\"elementor-element elementor-element-37ec3397 elementor-widget__width-initial elementor-widget elementor-widget-image-box\" data-id=\"37ec3397\" data-element_type=\"widget\" data-e-type=\"widget\" data-widget_type=\"image-box.default\">\n\t\t\t\t<div class=\"elementor-widget-container\">\n\t\t\t\t\t<div class=\"elementor-image-box-wrapper\"><div class=\"elementor-image-box-content\"><h3 class=\"elementor-image-box-title\">Kontakt<\/h3><p class=\"elementor-image-box-description\">Dane kontaktowe<\/p><\/div><\/div>\t\t\t\t<\/div>\n\t\t\t\t<\/div>\n\t\t\t\t<div class=\"elementor-element elementor-element-56b9e93 elementor-position-left elementor-vertical-align-top elementor-widget elementor-widget-image-box\" data-id=\"56b9e93\" data-element_type=\"widget\" data-e-type=\"widget\" data-widget_type=\"image-box.default\">\n\t\t\t\t<div class=\"elementor-widget-container\">\n\t\t\t\t\t<div class=\"elementor-image-box-wrapper\"><figure class=\"elementor-image-box-img\"><img decoding=\"async\" width=\"32\" height=\"32\" src=\"https:\/\/rotomoulding-partner.com\/wp-content\/uploads\/2023\/09\/placeholder-2.png\" class=\"attachment-thumbnail size-thumbnail wp-image-911\" alt=\"\" \/><\/figure><div class=\"elementor-image-box-content\"><p class=\"elementor-image-box-description\">\n\nAdres:\n<br>\nal. Wojska Polskiego 63a\n<br>\n21 - 400 \u0141uk\u00f3w<\/p><\/div><\/div>\t\t\t\t<\/div>\n\t\t\t\t<\/div>\n\t\t\t\t<div class=\"elementor-element elementor-element-16b1b123 elementor-position-left elementor-vertical-align-top elementor-widget elementor-widget-image-box\" data-id=\"16b1b123\" data-element_type=\"widget\" data-e-type=\"widget\" data-widget_type=\"image-box.default\">\n\t\t\t\t<div class=\"elementor-widget-container\">\n\t\t\t\t\t<div class=\"elementor-image-box-wrapper\"><figure class=\"elementor-image-box-img\"><img decoding=\"async\" width=\"32\" height=\"32\" src=\"https:\/\/rotomoulding-partner.com\/wp-content\/uploads\/2023\/09\/factory-1.png\" class=\"attachment-thumbnail size-thumbnail wp-image-909\" alt=\"\" \/><\/figure><div class=\"elementor-image-box-content\"><p class=\"elementor-image-box-description\">\n\n\nAdres zak\u0142adu:\n<br>\nal. Wojska Polskiego 61\n<br>\n21 - 400 \u0141uk\u00f3w<\/p><\/div><\/div>\t\t\t\t<\/div>\n\t\t\t\t<\/div>\n\t\t\t\t<div class=\"elementor-element elementor-element-69169567 elementor-position-left elementor-vertical-align-top elementor-widget elementor-widget-image-box\" data-id=\"69169567\" data-element_type=\"widget\" data-e-type=\"widget\" data-widget_type=\"image-box.default\">\n\t\t\t\t<div class=\"elementor-widget-container\">\n\t\t\t\t\t<div class=\"elementor-image-box-wrapper\"><figure class=\"elementor-image-box-img\"><img decoding=\"async\" width=\"32\" height=\"32\" src=\"https:\/\/rotomoulding-partner.com\/wp-content\/uploads\/2023\/09\/smartphone-call-1.png\" class=\"attachment-thumbnail size-thumbnail wp-image-913\" alt=\"\" \/><\/figure><div class=\"elementor-image-box-content\"><p class=\"elementor-image-box-description\">Skontaktuj si\u0119 <br>\n\n<a href=\"tel:+48 506 061 433\">+48 506 061 433<\/a><\/p><\/div><\/div>\t\t\t\t<\/div>\n\t\t\t\t<\/div>\n\t\t\t\t<div class=\"elementor-element elementor-element-775d70f elementor-position-left elementor-vertical-align-top elementor-widget elementor-widget-image-box\" data-id=\"775d70f\" data-element_type=\"widget\" data-e-type=\"widget\" data-widget_type=\"image-box.default\">\n\t\t\t\t<div class=\"elementor-widget-container\">\n\t\t\t\t\t<div class=\"elementor-image-box-wrapper\"><figure class=\"elementor-image-box-img\"><img loading=\"lazy\" decoding=\"async\" width=\"32\" height=\"32\" src=\"https:\/\/rotomoulding-partner.com\/wp-content\/uploads\/2023\/09\/envelope-1.png\" class=\"attachment-thumbnail size-thumbnail wp-image-912\" alt=\"\" \/><\/figure><div class=\"elementor-image-box-content\"><p class=\"elementor-image-box-description\">Napisz do nas<br>\n\n<a href=\"mailto:biuro@rotomoulding-partner.pl\">biuro@rotomoulding-partner.pl<\/a><\/p><\/div><\/div>\t\t\t\t<\/div>\n\t\t\t\t<\/div>\n\t\t\t\t\t<\/div>\n\t\t<\/div>\n\t\t\t\t<div class=\"elementor-column elementor-col-50 elementor-top-column elementor-element elementor-element-404e6a54\" data-id=\"404e6a54\" data-element_type=\"column\" data-e-type=\"column\">\n\t\t\t<div class=\"elementor-widget-wrap elementor-element-populated\">\n\t\t\t\t\t\t<div class=\"elementor-element elementor-element-0915175 elementor-widget elementor-widget-heading\" data-id=\"0915175\" data-element_type=\"widget\" data-e-type=\"widget\" data-widget_type=\"heading.default\">\n\t\t\t\t<div class=\"elementor-widget-container\">\n\t\t\t\t\t<h2 class=\"elementor-heading-title elementor-size-default\">NAPISZ DO NAS\n<\/h2>\t\t\t\t<\/div>\n\t\t\t\t<\/div>\n\t\t\t\t<div class=\"elementor-element elementor-element-942b7ea elementor-widget elementor-widget-heading\" data-id=\"942b7ea\" data-element_type=\"widget\" data-e-type=\"widget\" data-widget_type=\"heading.default\">\n\t\t\t\t<div class=\"elementor-widget-container\">\n\t\t\t\t\t<h2 class=\"elementor-heading-title elementor-size-default\">Skontaktuj si\u0119 z nami, odpiszemy najszybciej, jak to tylko mo\u017cliwe.<\/h2>\t\t\t\t<\/div>\n\t\t\t\t<\/div>\n\t\t\t\t<div class=\"elementor-element elementor-element-bd5156d elementor-widget__width-initial elementor-widget elementor-widget-wpforms\" data-id=\"bd5156d\" data-element_type=\"widget\" data-e-type=\"widget\" data-widget_type=\"wpforms.default\">\n\t\t\t\t<div class=\"elementor-widget-container\">\n\t\t\t\t\t<style id=\"wpforms-css-vars-elementor-widget-bd5156d\">\n\t\t\t\t.elementor-widget-wpforms.elementor-element-bd5156d {\n\t\t\t\t--wpforms-button-background-color: #D42B2B;\n--wpforms-label-size-font-size: 14px;\n--wpforms-label-size-line-height: 17px;\n--wpforms-label-size-sublabel-font-size: 13px;\n--wpforms-label-size-sublabel-line-height: 16px;\n--wpforms-button-size-font-size: 20px;\n--wpforms-button-size-height: 48px;\n--wpforms-button-size-padding-h: 20px;\n--wpforms-button-size-margin-top: 15px;\n\t\t\t}\n\t\t\t<\/style><div class=\"wpforms-container wpforms-container-full wpforms-render-modern\" id=\"wpforms-1005\"><form id=\"wpforms-form-1005\" class=\"wpforms-validate wpforms-form wpforms-ajax-form\" data-formid=\"1005\" method=\"post\" enctype=\"multipart\/form-data\" action=\"\/en\/wp-json\/wp\/v2\/pages\/175\" data-token=\"23c770da9a42ad1cfb16845ebc392a81\" data-token-time=\"1777024337\"><noscript class=\"wpforms-error-noscript\">Please enable JavaScript in your browser to complete this form.<\/noscript><div id=\"wpforms-error-noscript\" style=\"display: none;\">Please enable JavaScript in your browser to complete this form.<\/div><div class=\"wpforms-field-container\"><div id=\"wpforms-1005-field_0-container\" class=\"wpforms-field wpforms-field-name\" data-field-id=\"0\"><fieldset><legend class=\"wpforms-field-label wpforms-label-hide\" aria-hidden=\"false\">Imi\u0119 i nazwisko <span class=\"wpforms-required-label\" aria-hidden=\"true\">*<\/span><\/legend><div class=\"wpforms-field-row wpforms-field-large\"><div class=\"wpforms-field-row-block wpforms-first wpforms-one-half\"><input type=\"text\" id=\"wpforms-1005-field_0\" class=\"wpforms-field-name-first wpforms-field-required\" name=\"wpforms[fields][0][first]\" placeholder=\"Imi\u0119 I Nazwisko\" aria-errormessage=\"wpforms-1005-field_0-error\" required><label for=\"wpforms-1005-field_0\" class=\"wpforms-field-sublabel after wpforms-sublabel-hide\">First<\/label><\/div><div class=\"wpforms-field-row-block wpforms-one-half\"><input type=\"text\" id=\"wpforms-1005-field_0-last\" class=\"wpforms-field-name-last wpforms-field-required\" name=\"wpforms[fields][0][last]\" placeholder=\"Email\" aria-errormessage=\"wpforms-1005-field_0-last-error\" required><label for=\"wpforms-1005-field_0-last\" class=\"wpforms-field-sublabel after wpforms-sublabel-hide\">Last<\/label><\/div><\/div><\/fieldset><\/div><div id=\"wpforms-1005-field_3-container\" class=\"wpforms-field wpforms-field-name\" data-field-id=\"3\"><fieldset><legend class=\"wpforms-field-label wpforms-label-hide\" aria-hidden=\"false\">Imi\u0119 i nazwisko <span class=\"wpforms-required-label\" aria-hidden=\"true\">*<\/span><\/legend><div class=\"wpforms-field-row wpforms-field-large\"><div class=\"wpforms-field-row-block wpforms-first wpforms-one-half\"><input type=\"text\" id=\"wpforms-1005-field_3\" class=\"wpforms-field-name-first wpforms-field-required\" name=\"wpforms[fields][3][first]\" placeholder=\"Temat\" aria-errormessage=\"wpforms-1005-field_3-error\" required><label for=\"wpforms-1005-field_3\" class=\"wpforms-field-sublabel after wpforms-sublabel-hide\">First<\/label><\/div><div class=\"wpforms-field-row-block wpforms-one-half\"><input type=\"text\" id=\"wpforms-1005-field_3-last\" class=\"wpforms-field-name-last wpforms-field-required\" name=\"wpforms[fields][3][last]\" placeholder=\"Telefon\" aria-errormessage=\"wpforms-1005-field_3-last-error\" required><label for=\"wpforms-1005-field_3-last\" class=\"wpforms-field-sublabel after wpforms-sublabel-hide\">Last<\/label><\/div><\/div><\/fieldset><\/div><div id=\"wpforms-1005-field_2-container\" class=\"wpforms-field wpforms-field-textarea\" data-field-id=\"2\"><label class=\"wpforms-field-label wpforms-label-hide\" for=\"wpforms-1005-field_2\" aria-hidden=\"false\">Komentarz lub wiadomo\u015b\u0107 <span class=\"wpforms-required-label\" aria-hidden=\"true\">*<\/span><\/label><textarea id=\"wpforms-1005-field_2\" class=\"wpforms-field-medium wpforms-field-required\" name=\"wpforms[fields][2]\" placeholder=\"Wiadomo\u015b\u0107\" aria-errormessage=\"wpforms-1005-field_2-error\" required><\/textarea><\/div><div id=\"wpforms-1005-field_4-container\" class=\"wpforms-field wpforms-field-checkbox\" data-field-id=\"4\"><fieldset><legend class=\"wpforms-field-label wpforms-label-hide\" aria-hidden=\"false\">Pola wyboru <span class=\"wpforms-required-label\" aria-hidden=\"true\">*<\/span><\/legend><ul id=\"wpforms-1005-field_4\" class=\"wpforms-field-required\"><li class=\"choice-3 depth-1\"><input type=\"checkbox\" id=\"wpforms-1005-field_4_3\" name=\"wpforms[fields][4][]\" value=\"Zgadzam si\u0119 na przetwarzanie moich danych osobowych, podanych w formularzu kontaktowym w celu realizacji obs\u0142ugi przes\u0142anego zapytania. Moje dane przekazuj\u0119 dobrowolnie, gdy\u017c mam \u015bwiadomo\u015b\u0107, ze jest to konieczne do przetworzenia zapytania i udzielenia mi wszelkich informacji. Rozporz\u0105dzenie Parlamentu Europejskiego i Rady (UE) 2016\/679 z dn. 27.04.2016 w sprawie ochrony os\u00f3b fizycznych w zwi\u0105zku z przetwarzaniem danych osobowych i w sprawie swobodnego przep\u0142ywu takich danych oraz uchylenia dyrektywy 95\/46\/WE (og\u00f3lne rozporz\u0105dzanie o ochronie danych).\" aria-errormessage=\"wpforms-1005-field_4_3-error\" required ><label class=\"wpforms-field-label-inline\" for=\"wpforms-1005-field_4_3\">Zgadzam si\u0119 na przetwarzanie moich danych osobowych, podanych w formularzu kontaktowym w celu realizacji obs\u0142ugi przes\u0142anego zapytania. Moje dane przekazuj\u0119 dobrowolnie, gdy\u017c mam \u015bwiadomo\u015b\u0107, ze jest to konieczne do przetworzenia zapytania i udzielenia mi wszelkich informacji. Rozporz\u0105dzenie Parlamentu Europejskiego i Rady (UE) 2016\/679 z dn. 27.04.2016 w sprawie ochrony os\u00f3b fizycznych w zwi\u0105zku z przetwarzaniem danych osobowych i w sprawie swobodnego przep\u0142ywu takich danych oraz uchylenia dyrektywy 95\/46\/WE (og\u00f3lne rozporz\u0105dzanie o ochronie danych).<\/label><\/li><\/ul><\/fieldset><\/div><\/div><!-- .wpforms-field-container --><div class=\"wpforms-submit-container\" ><input type=\"hidden\" name=\"wpforms[id]\" value=\"1005\"><input type=\"hidden\" name=\"page_title\" value=\"\"><input type=\"hidden\" name=\"page_url\" value=\"https:\/\/rotomoulding-partner.pl\/en\/wp-json\/wp\/v2\/pages\/175\"><input type=\"hidden\" name=\"url_referer\" value=\"\"><button type=\"submit\" name=\"wpforms[submit]\" id=\"wpforms-submit-1005\" class=\"wpforms-submit\" data-alt-text=\"Wysy\u0142anie...\" data-submit-text=\"Prze\u015blij\" aria-live=\"assertive\" value=\"wpforms-submit\">Prze\u015blij<\/button><img loading=\"lazy\" decoding=\"async\" src=\"https:\/\/rotomoulding-partner.pl\/wp-content\/plugins\/wpforms-lite\/assets\/images\/submit-spin.svg\" class=\"wpforms-submit-spinner\" style=\"display: none;\" width=\"26\" height=\"26\" alt=\"Loading\"><\/div><\/form><\/div>  <!-- .wpforms-container -->\t\t\t\t<\/div>\n\t\t\t\t<\/div>\n\t\t\t\t\t<\/div>\n\t\t<\/div>\n\t\t\t\t\t<\/div>\n\t\t<\/section>\n\t\t\t\t<section class=\"elementor-section elementor-top-section elementor-element elementor-element-8442a70 elementor-section-full_width elementor-section-stretched elementor-section-height-default elementor-section-height-default\" data-id=\"8442a70\" data-element_type=\"section\" data-e-type=\"section\" data-settings=\"{&quot;stretch_section&quot;:&quot;section-stretched&quot;}\">\n\t\t\t\t\t\t<div class=\"elementor-container elementor-column-gap-custom\">\n\t\t\t\t\t<div class=\"elementor-column elementor-col-100 elementor-top-column elementor-element elementor-element-e0bb6d8\" data-id=\"e0bb6d8\" data-element_type=\"column\" data-e-type=\"column\">\n\t\t\t<div class=\"elementor-widget-wrap elementor-element-populated\">\n\t\t\t\t\t\t<div class=\"elementor-element elementor-element-299453e elementor-widget elementor-widget-google_maps\" data-id=\"299453e\" data-element_type=\"widget\" data-e-type=\"widget\" data-widget_type=\"google_maps.default\">\n\t\t\t\t<div class=\"elementor-widget-container\">\n\t\t\t\t\t\t\t<div class=\"elementor-custom-embed\">\n\t\t\t<iframe loading=\"lazy\"\n\t\t\t\t\tsrc=\"https:\/\/maps.google.com\/maps?q=al.%20Wojska%20Polskiego%2063a%2021%20-%20400%20%C5%81uk%C3%B3w&#038;t=m&#038;z=13&#038;output=embed&#038;iwloc=near\"\n\t\t\t\t\ttitle=\"al. Wojska Polskiego 63a 21 - 400 \u0141uk\u00f3w\"\n\t\t\t\t\taria-label=\"al. Wojska Polskiego 63a 21 - 400 \u0141uk\u00f3w\"\n\t\t\t><\/iframe>\n\t\t<\/div>\n\t\t\t\t\t\t<\/div>\n\t\t\t\t<\/div>\n\t\t\t\t\t<\/div>\n\t\t<\/div>\n\t\t\t\t\t<\/div>\n\t\t<\/section>\n\t\t\t\t<\/div>\n\t\t","protected":false},"excerpt":{"rendered":"","protected":false},"author":1,"featured_media":0,"parent":0,"menu_order":0,"comment_status":"closed","ping_status":"closed","template":"elementor_theme","meta":{"footnotes":""},"class_list":["post-175","page","type-page","status-publish","hentry"],"yoast_head":"<!-- This site is optimized with the Yoast SEO plugin v27.3 - https:\/\/yoast.com\/product\/yoast-seo-wordpress\/ -->\n<title>Kontakt - rotomoulding-partner.pl<\/title>\n<meta name=\"robots\" content=\"index, follow, max-snippet:-1, max-image-preview:large, max-video-preview:-1\" \/>\n<link rel=\"canonical\" href=\"https:\/\/rotomoulding-partner.pl\/en\/kontakt\/\" \/>\n<meta property=\"og:locale\" content=\"en_GB\" \/>\n<meta property=\"og:type\" content=\"article\" \/>\n<meta property=\"og:title\" content=\"Kontakt - rotomoulding-partner.pl\" \/>\n<meta property=\"og:description\" content=\"Kontakt Dane kontaktowe Adres: al. Wojska Polskiego 63a 21 &#8211; 400 \u0141uk\u00f3w Adres zak\u0142adu: al. Wojska Polskiego 61 21 &#8211; 400 \u0141uk\u00f3w Skontaktuj si\u0119 +48 506 061 433 Napisz do nas biuro@rotomoulding-partner.pl NAPISZ DO NAS Skontaktuj si\u0119 z nami, odpiszemy najszybciej, jak to tylko mo\u017cliwe. Aby wype\u0142ni\u0107 ten formularz, w\u0142\u0105cz obs\u0142ug\u0119 JavaScript w przegl\u0105darce.Aby wype\u0142ni\u0107\" \/>\n<meta property=\"og:url\" content=\"https:\/\/rotomoulding-partner.pl\/en\/kontakt\/\" \/>\n<meta property=\"og:site_name\" content=\"rotomoulding-partner.pl\" \/>\n<meta property=\"article:modified_time\" content=\"2023-10-20T13:05:01+00:00\" \/>\n<meta property=\"og:image\" content=\"https:\/\/rotomoulding-partner.pl\/wp-content\/uploads\/2023\/09\/placeholder-2.png\" \/>\n<meta name=\"twitter:card\" content=\"summary_large_image\" \/>\n<meta name=\"twitter:label1\" content=\"Estimated reading time\" \/>\n\t<meta name=\"twitter:data1\" content=\"2 minutes\" \/>\n<script type=\"application\/ld+json\" class=\"yoast-schema-graph\">{\"@context\":\"https:\\\/\\\/schema.org\",\"@graph\":[{\"@type\":\"WebPage\",\"@id\":\"https:\\\/\\\/rotomoulding-partner.pl\\\/kontakt\\\/\",\"url\":\"https:\\\/\\\/rotomoulding-partner.pl\\\/kontakt\\\/\",\"name\":\"Kontakt - rotomoulding-partner.pl\",\"isPartOf\":{\"@id\":\"https:\\\/\\\/rotomoulding-partner.pl\\\/#website\"},\"primaryImageOfPage\":{\"@id\":\"https:\\\/\\\/rotomoulding-partner.pl\\\/kontakt\\\/#primaryimage\"},\"image\":{\"@id\":\"https:\\\/\\\/rotomoulding-partner.pl\\\/kontakt\\\/#primaryimage\"},\"thumbnailUrl\":\"https:\\\/\\\/rotomoulding-partner.pl\\\/wp-content\\\/uploads\\\/2023\\\/09\\\/placeholder-2.png\",\"datePublished\":\"2017-01-17T12:30:42+00:00\",\"dateModified\":\"2023-10-20T13:05:01+00:00\",\"breadcrumb\":{\"@id\":\"https:\\\/\\\/rotomoulding-partner.pl\\\/kontakt\\\/#breadcrumb\"},\"inLanguage\":\"en-GB\",\"potentialAction\":[{\"@type\":\"ReadAction\",\"target\":[\"https:\\\/\\\/rotomoulding-partner.pl\\\/kontakt\\\/\"]}]},{\"@type\":\"ImageObject\",\"inLanguage\":\"en-GB\",\"@id\":\"https:\\\/\\\/rotomoulding-partner.pl\\\/kontakt\\\/#primaryimage\",\"url\":\"https:\\\/\\\/rotomoulding-partner.pl\\\/wp-content\\\/uploads\\\/2023\\\/09\\\/placeholder-2.png\",\"contentUrl\":\"https:\\\/\\\/rotomoulding-partner.pl\\\/wp-content\\\/uploads\\\/2023\\\/09\\\/placeholder-2.png\"},{\"@type\":\"BreadcrumbList\",\"@id\":\"https:\\\/\\\/rotomoulding-partner.pl\\\/kontakt\\\/#breadcrumb\",\"itemListElement\":[{\"@type\":\"ListItem\",\"position\":1,\"name\":\"Strona g\u0142\u00f3wna\",\"item\":\"https:\\\/\\\/rotomoulding-partner.com\\\/\"},{\"@type\":\"ListItem\",\"position\":2,\"name\":\"Kontakt\"}]},{\"@type\":\"WebSite\",\"@id\":\"https:\\\/\\\/rotomoulding-partner.pl\\\/#website\",\"url\":\"https:\\\/\\\/rotomoulding-partner.pl\\\/\",\"name\":\"rotomoulding-partner.pl\",\"description\":\"\",\"publisher\":{\"@id\":\"https:\\\/\\\/rotomoulding-partner.pl\\\/#organization\"},\"potentialAction\":[{\"@type\":\"SearchAction\",\"target\":{\"@type\":\"EntryPoint\",\"urlTemplate\":\"https:\\\/\\\/rotomoulding-partner.pl\\\/?s={search_term_string}\"},\"query-input\":{\"@type\":\"PropertyValueSpecification\",\"valueRequired\":true,\"valueName\":\"search_term_string\"}}],\"inLanguage\":\"en-GB\"},{\"@type\":\"Organization\",\"@id\":\"https:\\\/\\\/rotomoulding-partner.pl\\\/#organization\",\"name\":\"rotomoulding-partner.pl\",\"url\":\"https:\\\/\\\/rotomoulding-partner.pl\\\/\",\"logo\":{\"@type\":\"ImageObject\",\"inLanguage\":\"en-GB\",\"@id\":\"https:\\\/\\\/rotomoulding-partner.pl\\\/#\\\/schema\\\/logo\\\/image\\\/\",\"url\":\"https:\\\/\\\/rotomoulding-partner.pl\\\/wp-content\\\/uploads\\\/2023\\\/09\\\/logo-1.png\",\"contentUrl\":\"https:\\\/\\\/rotomoulding-partner.pl\\\/wp-content\\\/uploads\\\/2023\\\/09\\\/logo-1.png\",\"width\":400,\"height\":80,\"caption\":\"rotomoulding-partner.pl\"},\"image\":{\"@id\":\"https:\\\/\\\/rotomoulding-partner.pl\\\/#\\\/schema\\\/logo\\\/image\\\/\"}}]}<\/script>\n<!-- \/ Yoast SEO plugin. -->","yoast_head_json":{"title":"Kontakt - rotomoulding-partner.pl","robots":{"index":"index","follow":"follow","max-snippet":"max-snippet:-1","max-image-preview":"max-image-preview:large","max-video-preview":"max-video-preview:-1"},"canonical":"https:\/\/rotomoulding-partner.pl\/en\/kontakt\/","og_locale":"en_GB","og_type":"article","og_title":"Kontakt - rotomoulding-partner.pl","og_description":"Kontakt Dane kontaktowe Adres: al. Wojska Polskiego 63a 21 &#8211; 400 \u0141uk\u00f3w Adres zak\u0142adu: al. Wojska Polskiego 61 21 &#8211; 400 \u0141uk\u00f3w Skontaktuj si\u0119 +48 506 061 433 Napisz do nas biuro@rotomoulding-partner.pl NAPISZ DO NAS Skontaktuj si\u0119 z nami, odpiszemy najszybciej, jak to tylko mo\u017cliwe. Aby wype\u0142ni\u0107 ten formularz, w\u0142\u0105cz obs\u0142ug\u0119 JavaScript w przegl\u0105darce.Aby wype\u0142ni\u0107","og_url":"https:\/\/rotomoulding-partner.pl\/en\/kontakt\/","og_site_name":"rotomoulding-partner.pl","article_modified_time":"2023-10-20T13:05:01+00:00","og_image":[{"url":"https:\/\/rotomoulding-partner.pl\/wp-content\/uploads\/2023\/09\/placeholder-2.png","type":"","width":"","height":""}],"twitter_card":"summary_large_image","twitter_misc":{"Estimated reading time":"2 minutes"},"schema":{"@context":"https:\/\/schema.org","@graph":[{"@type":"WebPage","@id":"https:\/\/rotomoulding-partner.pl\/kontakt\/","url":"https:\/\/rotomoulding-partner.pl\/kontakt\/","name":"Kontakt - rotomoulding-partner.pl","isPartOf":{"@id":"https:\/\/rotomoulding-partner.pl\/#website"},"primaryImageOfPage":{"@id":"https:\/\/rotomoulding-partner.pl\/kontakt\/#primaryimage"},"image":{"@id":"https:\/\/rotomoulding-partner.pl\/kontakt\/#primaryimage"},"thumbnailUrl":"https:\/\/rotomoulding-partner.pl\/wp-content\/uploads\/2023\/09\/placeholder-2.png","datePublished":"2017-01-17T12:30:42+00:00","dateModified":"2023-10-20T13:05:01+00:00","breadcrumb":{"@id":"https:\/\/rotomoulding-partner.pl\/kontakt\/#breadcrumb"},"inLanguage":"en-GB","potentialAction":[{"@type":"ReadAction","target":["https:\/\/rotomoulding-partner.pl\/kontakt\/"]}]},{"@type":"ImageObject","inLanguage":"en-GB","@id":"https:\/\/rotomoulding-partner.pl\/kontakt\/#primaryimage","url":"https:\/\/rotomoulding-partner.pl\/wp-content\/uploads\/2023\/09\/placeholder-2.png","contentUrl":"https:\/\/rotomoulding-partner.pl\/wp-content\/uploads\/2023\/09\/placeholder-2.png"},{"@type":"BreadcrumbList","@id":"https:\/\/rotomoulding-partner.pl\/kontakt\/#breadcrumb","itemListElement":[{"@type":"ListItem","position":1,"name":"Strona g\u0142\u00f3wna","item":"https:\/\/rotomoulding-partner.com\/"},{"@type":"ListItem","position":2,"name":"Kontakt"}]},{"@type":"WebSite","@id":"https:\/\/rotomoulding-partner.pl\/#website","url":"https:\/\/rotomoulding-partner.pl\/","name":"rotomoulding-partner.pl","description":"","publisher":{"@id":"https:\/\/rotomoulding-partner.pl\/#organization"},"potentialAction":[{"@type":"SearchAction","target":{"@type":"EntryPoint","urlTemplate":"https:\/\/rotomoulding-partner.pl\/?s={search_term_string}"},"query-input":{"@type":"PropertyValueSpecification","valueRequired":true,"valueName":"search_term_string"}}],"inLanguage":"en-GB"},{"@type":"Organization","@id":"https:\/\/rotomoulding-partner.pl\/#organization","name":"rotomoulding-partner.pl","url":"https:\/\/rotomoulding-partner.pl\/","logo":{"@type":"ImageObject","inLanguage":"en-GB","@id":"https:\/\/rotomoulding-partner.pl\/#\/schema\/logo\/image\/","url":"https:\/\/rotomoulding-partner.pl\/wp-content\/uploads\/2023\/09\/logo-1.png","contentUrl":"https:\/\/rotomoulding-partner.pl\/wp-content\/uploads\/2023\/09\/logo-1.png","width":400,"height":80,"caption":"rotomoulding-partner.pl"},"image":{"@id":"https:\/\/rotomoulding-partner.pl\/#\/schema\/logo\/image\/"}}]}},"_links":{"self":[{"href":"https:\/\/rotomoulding-partner.pl\/en\/wp-json\/wp\/v2\/pages\/175","targetHints":{"allow":["GET"]}}],"collection":[{"href":"https:\/\/rotomoulding-partner.pl\/en\/wp-json\/wp\/v2\/pages"}],"about":[{"href":"https:\/\/rotomoulding-partner.pl\/en\/wp-json\/wp\/v2\/types\/page"}],"author":[{"embeddable":true,"href":"https:\/\/rotomoulding-partner.pl\/en\/wp-json\/wp\/v2\/users\/1"}],"replies":[{"embeddable":true,"href":"https:\/\/rotomoulding-partner.pl\/en\/wp-json\/wp\/v2\/comments?post=175"}],"version-history":[{"count":44,"href":"https:\/\/rotomoulding-partner.pl\/en\/wp-json\/wp\/v2\/pages\/175\/revisions"}],"predecessor-version":[{"id":1332,"href":"https:\/\/rotomoulding-partner.pl\/en\/wp-json\/wp\/v2\/pages\/175\/revisions\/1332"}],"wp:attachment":[{"href":"https:\/\/rotomoulding-partner.pl\/en\/wp-json\/wp\/v2\/media?parent=175"}],"curies":[{"name":"wp","href":"https:\/\/api.w.org\/{rel}","templated":true}]}}