{"id":3,"date":"2023-09-27T10:31:13","date_gmt":"2023-09-27T08:31:13","guid":{"rendered":"https:\/\/rotomoulding-partner.pl\/?page_id=3"},"modified":"2023-10-09T05:24:05","modified_gmt":"2023-10-09T03:24:05","slug":"polityka-prywatnosci","status":"publish","type":"page","link":"https:\/\/rotomoulding-partner.pl\/en\/polityka-prywatnosci\/","title":{"rendered":"PRIVACY POLICY \u2013 ROTOMOULDING PARTNER"},"content":{"rendered":"<div data-elementor-type=\"wp-page\" data-elementor-id=\"3\" class=\"elementor elementor-3\">\n\t\t\t\t\t\t<section class=\"elementor-section elementor-top-section elementor-element elementor-element-448ca245 elementor-section-boxed elementor-section-height-default elementor-section-height-default\" data-id=\"448ca245\" data-element_type=\"section\" data-e-type=\"section\">\n\t\t\t\t\t\t<div class=\"elementor-container elementor-column-gap-default\">\n\t\t\t\t\t<div class=\"elementor-column elementor-col-100 elementor-top-column elementor-element elementor-element-72b870a1\" data-id=\"72b870a1\" data-element_type=\"column\" data-e-type=\"column\">\n\t\t\t<div class=\"elementor-widget-wrap elementor-element-populated\">\n\t\t\t\t\t\t<div class=\"elementor-element elementor-element-22016d71 elementor-widget elementor-widget-text-editor\" data-id=\"22016d71\" data-element_type=\"widget\" data-e-type=\"widget\" data-widget_type=\"text-editor.default\">\n\t\t\t\t<div class=\"elementor-widget-container\">\n\t\t\t\t\t\t\t\t\t<p><\/p>\n<h5 class=\"wp-block-heading\">Cookies Policy<\/h5>\n<p>The following Cookie Policy defines the rules for storing and accessing data on the Users' Devices who use the Website for the purpose of providing services electronically by the Website Administrator.<\/p>\n<h2>\u00a7 1 Definitions<\/h2>\n<ul>\n<li><strong>Service -<\/strong>\u00a0the website operating at https:\/\/rotomoulding-partner.pl\u00a0<span id=\"serwis\"><span class=\"colored\">https:\/\/rotomoulding-partner.pl<\/span><\/span><\/li>\n<li><strong>External Service -<\/strong>\u00a0internet services of partners, service providers, or recipients of the Administrator<\/li>\n<li class=\"translation-block\"><strong>Administrator - <\/strong>ROTOMOULDING PARTNER SP Z O O, operating at: Al. Wojska Polskiego 63A, 21-400 \u0141uk\u00f3w, with the tax identification number (NIP): 8252177564, providing services electronically through the Service and storing and accessing information on the User's Devices<\/li>\n<li><strong>User<\/strong>\u00a0a natural person for whom the Administrator provides services electronically via the Website<\/li>\n<li><strong>Device \u2013<\/strong>\u00a0an electronic device with software through which the User accesses the Service<\/li>\n<li><strong>Cookies \u2013<\/strong>\u00a0text data collected in the form of files placed on the User's Device<\/li>\n<li>\u00a0<\/li>\n<\/ul>\n<h3>\u00a7 2 Types of Cookies<\/h3>\n<ul>\n<li><strong>Internal Cookies \u2013<\/strong>\u00a0files placed and read from the User's Device by the ICT system of the Service<\/li>\n<li><strong>External Cookies -<\/strong>\u00a0files placed and read from the User's Device by the ICT systems of External Services<\/li>\n<li><strong>Session Cookies -<\/strong>\u00a0\u2013 pliki zamieszczane i odczytywane z Urz\u0105dzenia U\u017cytkownika przez Serwis\u00a0<span id=\"sz1\">lub Serwisy zewn\u0119trzne<\/span>\u00a0podczas jednej sesji danego Urz\u0105dzenia. Po zako\u0144czeniu sesji pliki s\u0105 usuwane z Urz\u0105dzenia U\u017cytkownika.<\/li>\n<li class=\"translation-block\"><strong>Persistent Cookies<\/strong>\u00a0 files placed and read from the User's Device by the Service or External Services during one session of a given Device. After the session ends, the files are deleted from the User's Device.\nPersistent Cookies \u2013 files placed and read from the User's Device by the Service or External Services until they are manually deleted. Files are not automatically deleted after the session ends unless the User's Device is set to delete Cookies after the session ends.<\/li>\n<li>\u00a0<\/li>\n<\/ul>\n<h2>\u00a7 3 Security<\/h2>\n<ul>\n<li><strong>Storage and Reading Mechanisms \u2013<\/strong>\u00a0The mechanisms for storing and reading Cookies do not allow the collection of any personal data or any confidential information from the User's Device. The transfer of viruses, trojans, and other worms to the User's Device is practically impossible.<\/li>\n<li><strong>Internal Cookies<\/strong>\u00a0\u2013 Cookies used by the Administrator are safe for Users' Devices<\/li>\n<li><strong>External Cookies \u2013<\/strong>\u00a0The Administrator is not responsible for the security of Cookies from External Services. A list of partners is provided later in the Cookie Policy.<\/li>\n<\/ul>\n<ul>\n<li>\u00a0<\/li>\n<\/ul>\n<h2>\u00a7 4 Purposes for which Cookies are used<\/h2>\n<ul id=\"cele\">\n<li><strong><span class=\"colored\">Statistical Data \u2013<\/span><\/strong>\u00a0The Administrator\u00a0<span id=\"sz4\">and External Services<\/span>\u00a0Statistical Data \u2013 The Administrator and External Services use Cookies to collect and process statistical data, such as visit statistics, User Device statistics, and user behavior statistics. This data is collected to analyze and improve the Service.<\/li>\n<li>\u00a0<\/li>\n<\/ul>\n<h2>\u00a7 5 External Services<\/h2>\n<p id=\"zewinfo\"><span class=\"colored\">The Administrator cooperates with the following external services, which may place Cookies on the User's Devices:\n\nGoogle Analytics<\/span><\/p>\n<ul id=\"zewnetrzne\">\n<li><strong><span class=\"colored\">Google Analytics<\/span><\/strong><\/li>\n<li><strong><span class=\"colored\">\u00a0<\/span><\/strong><\/li>\n<\/ul>\n<h2>\u00a7 6 Options for specifying the storage and access conditions on the User's Devices by the Service and<span id=\"sz6\">\u00a0External Services<\/span><\/h2>\n<ul>\n<li>The User may at any time change the settings regarding the saving, deleting, and accessing data stored in Cookies.<\/li>\n<li>Information on how to disable Cookies in the most popular browsers and mobile devices is available on the page:\u00a0<a href=\"https:\/\/web.archive.org\/web\/20220815191936\/http:\/\/jakwylaczyccookie.pl\/\" rel=\"nofollow\">how to disable cookies<\/a>.<\/li>\n<li>The User may at any time delete all previously saved Cookies using the tools of the User's Device through which the User uses the Service's services.<\/li>\n<li>\u00a0<\/li>\n<\/ul>\n<h2>\u00a7 7 Service Requirements<\/h2>\n<ul>\n<li>Restricting the storage and access to Cookies on the User's Device may result in incorrect functioning of some of the Service's features.<\/li>\n<li>The Administrator is not responsible for the malfunctioning of certain Service functions if the User restricts the possibility of saving and reading Cookie files in any way.<\/li>\n<li>\u00a0<\/li>\n<\/ul>\n<h2>\u00a7 8 Changes to the Cookie Policy<\/h2>\n<ul>\n<li>The Administrator reserves the right to make any changes to this Cookie Policy without the need to inform users.<\/li>\n<li>Changes to the Cookie Policy will always be published on this page.<\/li>\n<li>Changes come into force on the day the Cookie Policy is published.<\/li>\n<\/ul>\n<ul><\/ul>\n<p><!-- \/wp:list --><\/p>\t\t\t\t\t\t\t\t<\/div>\n\t\t\t\t<\/div>\n\t\t\t\t\t<\/div>\n\t\t<\/div>\n\t\t\t\t\t<\/div>\n\t\t<\/section>\n\t\t\t\t<\/div>","protected":false},"excerpt":{"rendered":"","protected":false},"author":1,"featured_media":0,"parent":0,"menu_order":0,"comment_status":"closed","ping_status":"open","template":"","meta":{"footnotes":""},"class_list":["post-3","page","type-page","status-publish","hentry"],"yoast_head":"<!-- This site is optimized with the Yoast SEO plugin v27.3 - https:\/\/yoast.com\/product\/yoast-seo-wordpress\/ -->\n<title>POLITYKA PRYWATNO\u015aCI - ROTOMOULDING PARTNER - rotomoulding-partner.pl<\/title>\n<meta name=\"robots\" content=\"index, follow, max-snippet:-1, max-image-preview:large, max-video-preview:-1\" \/>\n<link rel=\"canonical\" href=\"https:\/\/rotomoulding-partner.pl\/en\/polityka-prywatnosci\/\" \/>\n<meta property=\"og:locale\" content=\"en_GB\" \/>\n<meta property=\"og:type\" content=\"article\" \/>\n<meta property=\"og:title\" content=\"POLITYKA PRYWATNO\u015aCI - ROTOMOULDING PARTNER - rotomoulding-partner.pl\" \/>\n<meta property=\"og:description\" content=\"Polityka Cookies Poni\u017csza Polityka Cookies okre\u015bla zasady zapisywania i uzyskiwania dost\u0119pu do danych na Urz\u0105dzeniach U\u017cytkownik\u00f3w korzystaj\u0105cych z Serwisu do cel\u00f3w \u015bwiadczenia us\u0142ug drog\u0105 elektroniczn\u0105 przez Administratora Serwisu. \u00a7 1 Definicje Serwis\u00a0\u2013 serwis internetowy dzia\u0142aj\u0105cy pod adresem\u00a0https:\/\/rotomoulding-partner.pl Serwis zewn\u0119trzny\u00a0\u2013 serwis internetowe partner\u00f3w, us\u0142ugodawc\u00f3w lub us\u0142ugobiorc\u00f3w Administratora Administrator\u00a0\u2013 firma\u00a0ROTOMOULDING PARTNER SP Z O O, prowadz\u0105ca dzia\u0142alno\u015b\u0107\" \/>\n<meta property=\"og:url\" content=\"https:\/\/rotomoulding-partner.pl\/en\/polityka-prywatnosci\/\" \/>\n<meta property=\"og:site_name\" content=\"rotomoulding-partner.pl\" \/>\n<meta property=\"article:modified_time\" content=\"2023-10-09T03:24:05+00:00\" \/>\n<meta name=\"twitter:card\" content=\"summary_large_image\" \/>\n<meta name=\"twitter:label1\" content=\"Estimated reading time\" \/>\n\t<meta name=\"twitter:data1\" content=\"3 minutes\" \/>\n<script type=\"application\/ld+json\" class=\"yoast-schema-graph\">{\"@context\":\"https:\\\/\\\/schema.org\",\"@graph\":[{\"@type\":\"WebPage\",\"@id\":\"https:\\\/\\\/rotomoulding-partner.pl\\\/polityka-prywatnosci\\\/\",\"url\":\"https:\\\/\\\/rotomoulding-partner.pl\\\/polityka-prywatnosci\\\/\",\"name\":\"POLITYKA PRYWATNO\u015aCI - ROTOMOULDING PARTNER - rotomoulding-partner.pl\",\"isPartOf\":{\"@id\":\"https:\\\/\\\/rotomoulding-partner.pl\\\/#website\"},\"datePublished\":\"2023-09-27T08:31:13+00:00\",\"dateModified\":\"2023-10-09T03:24:05+00:00\",\"breadcrumb\":{\"@id\":\"https:\\\/\\\/rotomoulding-partner.pl\\\/polityka-prywatnosci\\\/#breadcrumb\"},\"inLanguage\":\"en-GB\",\"potentialAction\":[{\"@type\":\"ReadAction\",\"target\":[\"https:\\\/\\\/rotomoulding-partner.pl\\\/polityka-prywatnosci\\\/\"]}]},{\"@type\":\"BreadcrumbList\",\"@id\":\"https:\\\/\\\/rotomoulding-partner.pl\\\/polityka-prywatnosci\\\/#breadcrumb\",\"itemListElement\":[{\"@type\":\"ListItem\",\"position\":1,\"name\":\"Strona g\u0142\u00f3wna\",\"item\":\"https:\\\/\\\/rotomoulding-partner.com\\\/\"},{\"@type\":\"ListItem\",\"position\":2,\"name\":\"POLITYKA PRYWATNO\u015aCI &#8211; ROTOMOULDING PARTNER\"}]},{\"@type\":\"WebSite\",\"@id\":\"https:\\\/\\\/rotomoulding-partner.pl\\\/#website\",\"url\":\"https:\\\/\\\/rotomoulding-partner.pl\\\/\",\"name\":\"rotomoulding-partner.pl\",\"description\":\"\",\"publisher\":{\"@id\":\"https:\\\/\\\/rotomoulding-partner.pl\\\/#organization\"},\"potentialAction\":[{\"@type\":\"SearchAction\",\"target\":{\"@type\":\"EntryPoint\",\"urlTemplate\":\"https:\\\/\\\/rotomoulding-partner.pl\\\/?s={search_term_string}\"},\"query-input\":{\"@type\":\"PropertyValueSpecification\",\"valueRequired\":true,\"valueName\":\"search_term_string\"}}],\"inLanguage\":\"en-GB\"},{\"@type\":\"Organization\",\"@id\":\"https:\\\/\\\/rotomoulding-partner.pl\\\/#organization\",\"name\":\"rotomoulding-partner.pl\",\"url\":\"https:\\\/\\\/rotomoulding-partner.pl\\\/\",\"logo\":{\"@type\":\"ImageObject\",\"inLanguage\":\"en-GB\",\"@id\":\"https:\\\/\\\/rotomoulding-partner.pl\\\/#\\\/schema\\\/logo\\\/image\\\/\",\"url\":\"https:\\\/\\\/rotomoulding-partner.pl\\\/wp-content\\\/uploads\\\/2023\\\/09\\\/logo-1.png\",\"contentUrl\":\"https:\\\/\\\/rotomoulding-partner.pl\\\/wp-content\\\/uploads\\\/2023\\\/09\\\/logo-1.png\",\"width\":400,\"height\":80,\"caption\":\"rotomoulding-partner.pl\"},\"image\":{\"@id\":\"https:\\\/\\\/rotomoulding-partner.pl\\\/#\\\/schema\\\/logo\\\/image\\\/\"}}]}<\/script>\n<!-- \/ Yoast SEO plugin. -->","yoast_head_json":{"title":"PRIVACY POLICY  - ROTOMOULDING PARTNER - rotomoulding-partner.pl","robots":{"index":"index","follow":"follow","max-snippet":"max-snippet:-1","max-image-preview":"max-image-preview:large","max-video-preview":"max-video-preview:-1"},"canonical":"https:\/\/rotomoulding-partner.pl\/en\/polityka-prywatnosci\/","og_locale":"en_GB","og_type":"article","og_title":"POLITYKA PRYWATNO\u015aCI - ROTOMOULDING PARTNER - rotomoulding-partner.pl","og_description":"Polityka Cookies Poni\u017csza Polityka Cookies okre\u015bla zasady zapisywania i uzyskiwania dost\u0119pu do danych na Urz\u0105dzeniach U\u017cytkownik\u00f3w korzystaj\u0105cych z Serwisu do cel\u00f3w \u015bwiadczenia us\u0142ug drog\u0105 elektroniczn\u0105 przez Administratora Serwisu. \u00a7 1 Definicje Serwis\u00a0\u2013 serwis internetowy dzia\u0142aj\u0105cy pod adresem\u00a0https:\/\/rotomoulding-partner.pl Serwis zewn\u0119trzny\u00a0\u2013 serwis internetowe partner\u00f3w, us\u0142ugodawc\u00f3w lub us\u0142ugobiorc\u00f3w Administratora Administrator\u00a0\u2013 firma\u00a0ROTOMOULDING PARTNER SP Z O O, prowadz\u0105ca dzia\u0142alno\u015b\u0107","og_url":"https:\/\/rotomoulding-partner.pl\/en\/polityka-prywatnosci\/","og_site_name":"rotomoulding-partner.pl","article_modified_time":"2023-10-09T03:24:05+00:00","twitter_card":"summary_large_image","twitter_misc":{"Estimated reading time":"3 minutes"},"schema":{"@context":"https:\/\/schema.org","@graph":[{"@type":"WebPage","@id":"https:\/\/rotomoulding-partner.pl\/polityka-prywatnosci\/","url":"https:\/\/rotomoulding-partner.pl\/polityka-prywatnosci\/","name":"PRIVACY POLICY  - ROTOMOULDING PARTNER - rotomoulding-partner.pl","isPartOf":{"@id":"https:\/\/rotomoulding-partner.pl\/#website"},"datePublished":"2023-09-27T08:31:13+00:00","dateModified":"2023-10-09T03:24:05+00:00","breadcrumb":{"@id":"https:\/\/rotomoulding-partner.pl\/polityka-prywatnosci\/#breadcrumb"},"inLanguage":"en-GB","potentialAction":[{"@type":"ReadAction","target":["https:\/\/rotomoulding-partner.pl\/polityka-prywatnosci\/"]}]},{"@type":"BreadcrumbList","@id":"https:\/\/rotomoulding-partner.pl\/polityka-prywatnosci\/#breadcrumb","itemListElement":[{"@type":"ListItem","position":1,"name":"Strona g\u0142\u00f3wna","item":"https:\/\/rotomoulding-partner.com\/"},{"@type":"ListItem","position":2,"name":"POLITYKA PRYWATNO\u015aCI &#8211; ROTOMOULDING PARTNER"}]},{"@type":"WebSite","@id":"https:\/\/rotomoulding-partner.pl\/#website","url":"https:\/\/rotomoulding-partner.pl\/","name":"rotomoulding-partner.pl","description":"","publisher":{"@id":"https:\/\/rotomoulding-partner.pl\/#organization"},"potentialAction":[{"@type":"SearchAction","target":{"@type":"EntryPoint","urlTemplate":"https:\/\/rotomoulding-partner.pl\/?s={search_term_string}"},"query-input":{"@type":"PropertyValueSpecification","valueRequired":true,"valueName":"search_term_string"}}],"inLanguage":"en-GB"},{"@type":"Organization","@id":"https:\/\/rotomoulding-partner.pl\/#organization","name":"rotomoulding-partner.pl","url":"https:\/\/rotomoulding-partner.pl\/","logo":{"@type":"ImageObject","inLanguage":"en-GB","@id":"https:\/\/rotomoulding-partner.pl\/#\/schema\/logo\/image\/","url":"https:\/\/rotomoulding-partner.pl\/wp-content\/uploads\/2023\/09\/logo-1.png","contentUrl":"https:\/\/rotomoulding-partner.pl\/wp-content\/uploads\/2023\/09\/logo-1.png","width":400,"height":80,"caption":"rotomoulding-partner.pl"},"image":{"@id":"https:\/\/rotomoulding-partner.pl\/#\/schema\/logo\/image\/"}}]}},"_links":{"self":[{"href":"https:\/\/rotomoulding-partner.pl\/en\/wp-json\/wp\/v2\/pages\/3","targetHints":{"allow":["GET"]}}],"collection":[{"href":"https:\/\/rotomoulding-partner.pl\/en\/wp-json\/wp\/v2\/pages"}],"about":[{"href":"https:\/\/rotomoulding-partner.pl\/en\/wp-json\/wp\/v2\/types\/page"}],"author":[{"embeddable":true,"href":"https:\/\/rotomoulding-partner.pl\/en\/wp-json\/wp\/v2\/users\/1"}],"replies":[{"embeddable":true,"href":"https:\/\/rotomoulding-partner.pl\/en\/wp-json\/wp\/v2\/comments?post=3"}],"version-history":[{"count":9,"href":"https:\/\/rotomoulding-partner.pl\/en\/wp-json\/wp\/v2\/pages\/3\/revisions"}],"predecessor-version":[{"id":1176,"href":"https:\/\/rotomoulding-partner.pl\/en\/wp-json\/wp\/v2\/pages\/3\/revisions\/1176"}],"wp:attachment":[{"href":"https:\/\/rotomoulding-partner.pl\/en\/wp-json\/wp\/v2\/media?parent=3"}],"curies":[{"name":"wp","href":"https:\/\/api.w.org\/{rel}","templated":true}]}}