{"id":501,"date":"2023-09-27T12:22:17","date_gmt":"2023-09-27T10:22:17","guid":{"rendered":"https:\/\/rotomoulding-partner.pl\/?page_id=501"},"modified":"2023-10-20T15:02:35","modified_gmt":"2023-10-20T13:02:35","slug":"dotacje","status":"publish","type":"page","link":"https:\/\/rotomoulding-partner.pl\/en\/dotacje\/","title":{"rendered":"Grants"},"content":{"rendered":"<div data-elementor-type=\"wp-page\" data-elementor-id=\"501\" class=\"elementor elementor-501\">\n\t\t\t\t\t\t<section class=\"elementor-section elementor-top-section elementor-element elementor-element-c2074bf elementor-section-full_width elementor-section-height-default elementor-section-height-default\" data-id=\"c2074bf\" data-element_type=\"section\" data-e-type=\"section\">\n\t\t\t\t\t\t<div class=\"elementor-container elementor-column-gap-default\">\n\t\t\t\t\t<div class=\"elementor-column elementor-col-100 elementor-top-column elementor-element elementor-element-f247704\" data-id=\"f247704\" data-element_type=\"column\" data-e-type=\"column\">\n\t\t\t<div class=\"elementor-widget-wrap elementor-element-populated\">\n\t\t\t\t\t\t<div class=\"elementor-element elementor-element-208c6a2 elementor-widget elementor-widget-text-editor\" data-id=\"208c6a2\" data-element_type=\"widget\" data-e-type=\"widget\" data-widget_type=\"text-editor.default\">\n\t\t\t\t<div class=\"elementor-widget-container\">\n\t\t\t\t\t\t\t\t\t<div class=\"kc-elm kc-css-147708 kc_text_block\">\n<p>We are pleased to inform you that on April 27, 2017, Rotomoulding Partner Sp. z o.o. signed an agreement with the Lublin Agency for Enterprise Support in Lublin for co-financing the implementation of the project titled: \"Construction of Portable Toilets using Rotational Molding Technology.\" The project was selected as part of competition no. RPLU.03.07.00-IP.01-06-001\/16. The awarded co-financing amounts to 1,266,069.00 PLN. The main goal of the project is to implement a plastic material developed using recycled materials, mineral fillers, and nanoparticles with antibacterial properties, which will serve as the basis for launching the production of modern portable toilets manufactured using rotational molding technology.<\/p><\/div>\t\t\t\t\t\t\t\t<\/div>\n\t\t\t\t<\/div>\n\t\t\t\t<div class=\"elementor-element elementor-element-48177cf elementor-widget elementor-widget-button\" data-id=\"48177cf\" data-element_type=\"widget\" data-e-type=\"widget\" data-widget_type=\"button.default\">\n\t\t\t\t<div class=\"elementor-widget-container\">\n\t\t\t\t\t\t\t\t\t<div class=\"elementor-button-wrapper\">\n\t\t\t\t\t<a class=\"elementor-button elementor-button-link elementor-size-xl\" href=\"\/en\/zamowienia\/\">\n\t\t\t\t\t\t<span class=\"elementor-button-content-wrapper\">\n\t\t\t\t\t\t\t\t\t<span class=\"elementor-button-text\">Check out orders<\/span>\n\t\t\t\t\t<\/span>\n\t\t\t\t\t<\/a>\n\t\t\t\t<\/div>\n\t\t\t\t\t\t\t\t<\/div>\n\t\t\t\t<\/div>\n\t\t\t\t\t<\/div>\n\t\t<\/div>\n\t\t\t\t\t<\/div>\n\t\t<\/section>\n\t\t\t\t<section class=\"elementor-section elementor-top-section elementor-element elementor-element-13158f5 elementor-section-boxed elementor-section-height-default elementor-section-height-default\" data-id=\"13158f5\" data-element_type=\"section\" data-e-type=\"section\">\n\t\t\t\t\t\t<div class=\"elementor-container elementor-column-gap-default\">\n\t\t\t\t\t<div class=\"elementor-column elementor-col-100 elementor-top-column elementor-element elementor-element-c09bb0f\" data-id=\"c09bb0f\" data-element_type=\"column\" data-e-type=\"column\">\n\t\t\t<div class=\"elementor-widget-wrap elementor-element-populated\">\n\t\t\t\t\t\t<div class=\"elementor-element elementor-element-68540ad elementor-widget__width-initial elementor-widget elementor-widget-image\" data-id=\"68540ad\" data-element_type=\"widget\" data-e-type=\"widget\" data-widget_type=\"image.default\">\n\t\t\t\t<div class=\"elementor-widget-container\">\n\t\t\t\t\t\t\t\t\t\t\t\t\t\t\t<img fetchpriority=\"high\" decoding=\"async\" width=\"948\" height=\"99\" src=\"https:\/\/rotomoulding-partner.pl\/wp-content\/uploads\/2023\/09\/logotypy-1.jpg\" class=\"attachment-large size-large wp-image-523\" alt=\"\" srcset=\"https:\/\/rotomoulding-partner.pl\/wp-content\/uploads\/2023\/09\/logotypy-1.jpg 948w, https:\/\/rotomoulding-partner.pl\/wp-content\/uploads\/2023\/09\/logotypy-1-300x31.jpg 300w, https:\/\/rotomoulding-partner.pl\/wp-content\/uploads\/2023\/09\/logotypy-1-768x80.jpg 768w, https:\/\/rotomoulding-partner.pl\/wp-content\/uploads\/2023\/09\/logotypy-1-600x63.jpg 600w\" sizes=\"(max-width: 948px) 100vw, 948px\" \/>\t\t\t\t\t\t\t\t\t\t\t\t\t\t\t<\/div>\n\t\t\t\t<\/div>\n\t\t\t\t\t<\/div>\n\t\t<\/div>\n\t\t\t\t\t<\/div>\n\t\t<\/section>\n\t\t\t\t<\/div>","protected":false},"excerpt":{"rendered":"","protected":false},"author":1,"featured_media":0,"parent":0,"menu_order":0,"comment_status":"closed","ping_status":"closed","template":"","meta":{"footnotes":""},"class_list":["post-501","page","type-page","status-publish","hentry"],"yoast_head":"<!-- This site is optimized with the Yoast SEO plugin v27.3 - https:\/\/yoast.com\/product\/yoast-seo-wordpress\/ -->\n<title>Dotacje - rotomoulding-partner.pl<\/title>\n<meta name=\"robots\" content=\"index, follow, max-snippet:-1, max-image-preview:large, max-video-preview:-1\" \/>\n<link rel=\"canonical\" href=\"https:\/\/rotomoulding-partner.pl\/en\/dotacje\/\" \/>\n<meta property=\"og:locale\" content=\"en_GB\" \/>\n<meta property=\"og:type\" content=\"article\" \/>\n<meta property=\"og:title\" content=\"Dotacje - rotomoulding-partner.pl\" \/>\n<meta property=\"og:description\" content=\"Z przyjemno\u015bci\u0105 pragniemy poinformowa\u0107 i\u017c, Rotomoulding Partner Sp. o. o. w dniu 27 kwietnia 2017 roku podpisa\u0142a z Lubelsk\u0105 Agencj\u0105 Wspierania Przedsi\u0119biorczo\u015bci w Lublinie umow\u0119 na dofinansowanie realizacji projektu pt.: \u201eBudowa toalet przeno\u015bnych w technologii rotomouldingu.\u201d Projekt zosta\u0142 wy\u0142oniony w ramach konkursu nr RPLU.03.07.00-IP.01-06-001\/16. Warto\u015b\u0107 przyznanego dofinansowania wynosi 1 266 069,00 PLN. Celem g\u0142\u00f3wnym projektu\" \/>\n<meta property=\"og:url\" content=\"https:\/\/rotomoulding-partner.pl\/en\/dotacje\/\" \/>\n<meta property=\"og:site_name\" content=\"rotomoulding-partner.pl\" \/>\n<meta property=\"article:modified_time\" content=\"2023-10-20T13:02:35+00:00\" \/>\n<meta property=\"og:image\" content=\"https:\/\/rotomoulding-partner.pl\/wp-content\/uploads\/2023\/09\/logotypy-1.jpg\" \/>\n<meta name=\"twitter:card\" content=\"summary_large_image\" \/>\n<meta name=\"twitter:label1\" content=\"Estimated reading time\" \/>\n\t<meta name=\"twitter:data1\" content=\"1 minute\" \/>\n<script type=\"application\/ld+json\" class=\"yoast-schema-graph\">{\"@context\":\"https:\\\/\\\/schema.org\",\"@graph\":[{\"@type\":\"WebPage\",\"@id\":\"https:\\\/\\\/rotomoulding-partner.pl\\\/dotacje\\\/\",\"url\":\"https:\\\/\\\/rotomoulding-partner.pl\\\/dotacje\\\/\",\"name\":\"Dotacje - rotomoulding-partner.pl\",\"isPartOf\":{\"@id\":\"https:\\\/\\\/rotomoulding-partner.pl\\\/#website\"},\"primaryImageOfPage\":{\"@id\":\"https:\\\/\\\/rotomoulding-partner.pl\\\/dotacje\\\/#primaryimage\"},\"image\":{\"@id\":\"https:\\\/\\\/rotomoulding-partner.pl\\\/dotacje\\\/#primaryimage\"},\"thumbnailUrl\":\"https:\\\/\\\/rotomoulding-partner.pl\\\/wp-content\\\/uploads\\\/2023\\\/09\\\/logotypy-1.jpg\",\"datePublished\":\"2023-09-27T10:22:17+00:00\",\"dateModified\":\"2023-10-20T13:02:35+00:00\",\"breadcrumb\":{\"@id\":\"https:\\\/\\\/rotomoulding-partner.pl\\\/dotacje\\\/#breadcrumb\"},\"inLanguage\":\"en-GB\",\"potentialAction\":[{\"@type\":\"ReadAction\",\"target\":[\"https:\\\/\\\/rotomoulding-partner.pl\\\/dotacje\\\/\"]}]},{\"@type\":\"ImageObject\",\"inLanguage\":\"en-GB\",\"@id\":\"https:\\\/\\\/rotomoulding-partner.pl\\\/dotacje\\\/#primaryimage\",\"url\":\"https:\\\/\\\/rotomoulding-partner.pl\\\/wp-content\\\/uploads\\\/2023\\\/09\\\/logotypy-1.jpg\",\"contentUrl\":\"https:\\\/\\\/rotomoulding-partner.pl\\\/wp-content\\\/uploads\\\/2023\\\/09\\\/logotypy-1.jpg\"},{\"@type\":\"BreadcrumbList\",\"@id\":\"https:\\\/\\\/rotomoulding-partner.pl\\\/dotacje\\\/#breadcrumb\",\"itemListElement\":[{\"@type\":\"ListItem\",\"position\":1,\"name\":\"Strona g\u0142\u00f3wna\",\"item\":\"https:\\\/\\\/rotomoulding-partner.com\\\/\"},{\"@type\":\"ListItem\",\"position\":2,\"name\":\"Dotacje\"}]},{\"@type\":\"WebSite\",\"@id\":\"https:\\\/\\\/rotomoulding-partner.pl\\\/#website\",\"url\":\"https:\\\/\\\/rotomoulding-partner.pl\\\/\",\"name\":\"rotomoulding-partner.pl\",\"description\":\"\",\"publisher\":{\"@id\":\"https:\\\/\\\/rotomoulding-partner.pl\\\/#organization\"},\"potentialAction\":[{\"@type\":\"SearchAction\",\"target\":{\"@type\":\"EntryPoint\",\"urlTemplate\":\"https:\\\/\\\/rotomoulding-partner.pl\\\/?s={search_term_string}\"},\"query-input\":{\"@type\":\"PropertyValueSpecification\",\"valueRequired\":true,\"valueName\":\"search_term_string\"}}],\"inLanguage\":\"en-GB\"},{\"@type\":\"Organization\",\"@id\":\"https:\\\/\\\/rotomoulding-partner.pl\\\/#organization\",\"name\":\"rotomoulding-partner.pl\",\"url\":\"https:\\\/\\\/rotomoulding-partner.pl\\\/\",\"logo\":{\"@type\":\"ImageObject\",\"inLanguage\":\"en-GB\",\"@id\":\"https:\\\/\\\/rotomoulding-partner.pl\\\/#\\\/schema\\\/logo\\\/image\\\/\",\"url\":\"https:\\\/\\\/rotomoulding-partner.pl\\\/wp-content\\\/uploads\\\/2023\\\/09\\\/logo-1.png\",\"contentUrl\":\"https:\\\/\\\/rotomoulding-partner.pl\\\/wp-content\\\/uploads\\\/2023\\\/09\\\/logo-1.png\",\"width\":400,\"height\":80,\"caption\":\"rotomoulding-partner.pl\"},\"image\":{\"@id\":\"https:\\\/\\\/rotomoulding-partner.pl\\\/#\\\/schema\\\/logo\\\/image\\\/\"}}]}<\/script>\n<!-- \/ Yoast SEO plugin. -->","yoast_head_json":{"title":"Grants - rotomoulding-partner.pl","robots":{"index":"index","follow":"follow","max-snippet":"max-snippet:-1","max-image-preview":"max-image-preview:large","max-video-preview":"max-video-preview:-1"},"canonical":"https:\/\/rotomoulding-partner.pl\/en\/dotacje\/","og_locale":"en_GB","og_type":"article","og_title":"Dotacje - rotomoulding-partner.pl","og_description":"Z przyjemno\u015bci\u0105 pragniemy poinformowa\u0107 i\u017c, Rotomoulding Partner Sp. o. o. w dniu 27 kwietnia 2017 roku podpisa\u0142a z Lubelsk\u0105 Agencj\u0105 Wspierania Przedsi\u0119biorczo\u015bci w Lublinie umow\u0119 na dofinansowanie realizacji projektu pt.: \u201eBudowa toalet przeno\u015bnych w technologii rotomouldingu.\u201d Projekt zosta\u0142 wy\u0142oniony w ramach konkursu nr RPLU.03.07.00-IP.01-06-001\/16. Warto\u015b\u0107 przyznanego dofinansowania wynosi 1 266 069,00 PLN. Celem g\u0142\u00f3wnym projektu","og_url":"https:\/\/rotomoulding-partner.pl\/en\/dotacje\/","og_site_name":"rotomoulding-partner.pl","article_modified_time":"2023-10-20T13:02:35+00:00","og_image":[{"url":"https:\/\/rotomoulding-partner.pl\/wp-content\/uploads\/2023\/09\/logotypy-1.jpg","type":"","width":"","height":""}],"twitter_card":"summary_large_image","twitter_misc":{"Estimated reading time":"1 minute"},"schema":{"@context":"https:\/\/schema.org","@graph":[{"@type":"WebPage","@id":"https:\/\/rotomoulding-partner.pl\/dotacje\/","url":"https:\/\/rotomoulding-partner.pl\/dotacje\/","name":"Grants - rotomoulding-partner.pl","isPartOf":{"@id":"https:\/\/rotomoulding-partner.pl\/#website"},"primaryImageOfPage":{"@id":"https:\/\/rotomoulding-partner.pl\/dotacje\/#primaryimage"},"image":{"@id":"https:\/\/rotomoulding-partner.pl\/dotacje\/#primaryimage"},"thumbnailUrl":"https:\/\/rotomoulding-partner.pl\/wp-content\/uploads\/2023\/09\/logotypy-1.jpg","datePublished":"2023-09-27T10:22:17+00:00","dateModified":"2023-10-20T13:02:35+00:00","breadcrumb":{"@id":"https:\/\/rotomoulding-partner.pl\/dotacje\/#breadcrumb"},"inLanguage":"en-GB","potentialAction":[{"@type":"ReadAction","target":["https:\/\/rotomoulding-partner.pl\/dotacje\/"]}]},{"@type":"ImageObject","inLanguage":"en-GB","@id":"https:\/\/rotomoulding-partner.pl\/dotacje\/#primaryimage","url":"https:\/\/rotomoulding-partner.pl\/wp-content\/uploads\/2023\/09\/logotypy-1.jpg","contentUrl":"https:\/\/rotomoulding-partner.pl\/wp-content\/uploads\/2023\/09\/logotypy-1.jpg"},{"@type":"BreadcrumbList","@id":"https:\/\/rotomoulding-partner.pl\/dotacje\/#breadcrumb","itemListElement":[{"@type":"ListItem","position":1,"name":"Strona g\u0142\u00f3wna","item":"https:\/\/rotomoulding-partner.com\/"},{"@type":"ListItem","position":2,"name":"Dotacje"}]},{"@type":"WebSite","@id":"https:\/\/rotomoulding-partner.pl\/#website","url":"https:\/\/rotomoulding-partner.pl\/","name":"rotomoulding-partner.pl","description":"","publisher":{"@id":"https:\/\/rotomoulding-partner.pl\/#organization"},"potentialAction":[{"@type":"SearchAction","target":{"@type":"EntryPoint","urlTemplate":"https:\/\/rotomoulding-partner.pl\/?s={search_term_string}"},"query-input":{"@type":"PropertyValueSpecification","valueRequired":true,"valueName":"search_term_string"}}],"inLanguage":"en-GB"},{"@type":"Organization","@id":"https:\/\/rotomoulding-partner.pl\/#organization","name":"rotomoulding-partner.pl","url":"https:\/\/rotomoulding-partner.pl\/","logo":{"@type":"ImageObject","inLanguage":"en-GB","@id":"https:\/\/rotomoulding-partner.pl\/#\/schema\/logo\/image\/","url":"https:\/\/rotomoulding-partner.pl\/wp-content\/uploads\/2023\/09\/logo-1.png","contentUrl":"https:\/\/rotomoulding-partner.pl\/wp-content\/uploads\/2023\/09\/logo-1.png","width":400,"height":80,"caption":"rotomoulding-partner.pl"},"image":{"@id":"https:\/\/rotomoulding-partner.pl\/#\/schema\/logo\/image\/"}}]}},"_links":{"self":[{"href":"https:\/\/rotomoulding-partner.pl\/en\/wp-json\/wp\/v2\/pages\/501","targetHints":{"allow":["GET"]}}],"collection":[{"href":"https:\/\/rotomoulding-partner.pl\/en\/wp-json\/wp\/v2\/pages"}],"about":[{"href":"https:\/\/rotomoulding-partner.pl\/en\/wp-json\/wp\/v2\/types\/page"}],"author":[{"embeddable":true,"href":"https:\/\/rotomoulding-partner.pl\/en\/wp-json\/wp\/v2\/users\/1"}],"replies":[{"embeddable":true,"href":"https:\/\/rotomoulding-partner.pl\/en\/wp-json\/wp\/v2\/comments?post=501"}],"version-history":[{"count":34,"href":"https:\/\/rotomoulding-partner.pl\/en\/wp-json\/wp\/v2\/pages\/501\/revisions"}],"predecessor-version":[{"id":1328,"href":"https:\/\/rotomoulding-partner.pl\/en\/wp-json\/wp\/v2\/pages\/501\/revisions\/1328"}],"wp:attachment":[{"href":"https:\/\/rotomoulding-partner.pl\/en\/wp-json\/wp\/v2\/media?parent=501"}],"curies":[{"name":"wp","href":"https:\/\/api.w.org\/{rel}","templated":true}]}}